{"id":76,"date":"2018-10-25T13:11:10","date_gmt":"2018-10-25T13:11:10","guid":{"rendered":"http:\/\/ses-schaltanlagen.de\/?page_id=76"},"modified":"2020-10-16T09:58:29","modified_gmt":"2020-10-16T07:58:29","slug":"zertifizierung","status":"publish","type":"page","link":"https:\/\/www.ses-schaltanlagen.de\/?page_id=76","title":{"rendered":"Zertifizierung"},"content":{"rendered":"<ul>\n<li>UL 508A zertifizierter Schaltanlagenbauer f\u00fcr die USA (File no. NITW.E322017, Enclosed Industrial Control Panels)<\/li>\n<li>Schaltanlagen f\u00fcr Seeschiffe sowie Binnenschiffe werden nach GL, BV, ABS, LRS approbierten SES-Stromlaufpl\u00e4nen hergestellt und in der SES Werkstatt von den Klassifizierungsgesellschalften abgenommen.<\/li>\n<li>Schaltanlagen werden nach British Standard (BS 7671, BS 5308) gefertigt und abgenommen.<\/li>\n<li>Eingetragen im Elektro-Installateurverzeichniss der EnBW Regional AG f\u00fcr die Errichtung, Ausf\u00fchrung und Unterhaltung elektrischer Anlagen im Niederspannungsnetz gem\u00e4\u00df der Verordnung \u00fcber Allgemeine Bedingungen f\u00fcr den Netzanschluss und dessen Nutzung f\u00fcr die Elektrizit\u00e4tsversorgung in Niederspannungen (NAV \u00a713).<\/li>\n<li>Eingetragen in der Handwerksrolle der Handwerkskammer Karlsruhe f\u00fcr das Elektrotechniker-Handwerk<\/li>\n<\/ul>\n<table style=\"border-collapse: collapse; width: 100%;\" border=\"1\">\n<tbody>\n<tr>\n<td style=\"width: 20%;\"><img loading=\"lazy\" class=\"size-full wp-image-81 aligncenter\" src=\"https:\/\/ses-schaltanlagen.de\/wp-content\/uploads\/2018\/10\/DeDeContentFileHandler5.jpeg\" alt=\"\" width=\"63\" height=\"100\" \/><\/td>\n<td style=\"width: 20%;\"><img loading=\"lazy\" class=\"size-full wp-image-80 aligncenter\" src=\"https:\/\/ses-schaltanlagen.de\/wp-content\/uploads\/2018\/10\/DeDeContentFileHandler4.jpeg\" alt=\"\" width=\"81\" height=\"100\" \/><\/td>\n<td style=\"width: 20%;\"><img loading=\"lazy\" class=\"size-full wp-image-78 aligncenter\" src=\"https:\/\/ses-schaltanlagen.de\/wp-content\/uploads\/2018\/10\/DeDeContentFileHandler2.jpeg\" alt=\"\" width=\"175\" height=\"100\" \/><\/td>\n<td style=\"width: 20%;\"><img loading=\"lazy\" class=\"size-full wp-image-79 aligncenter\" src=\"https:\/\/ses-schaltanlagen.de\/wp-content\/uploads\/2018\/10\/DeDeContentFileHandler3.jpeg\" alt=\"\" width=\"83\" height=\"100\" \/><\/td>\n<td style=\"width: 20%;\"><img loading=\"lazy\" class=\"size-full wp-image-77 aligncenter\" src=\"https:\/\/ses-schaltanlagen.de\/wp-content\/uploads\/2018\/10\/DeDeContentFileHandler.ashx_.jpeg\" alt=\"\" width=\"102\" height=\"100\" \/><\/td>\n<\/tr>\n<\/tbody>\n<\/table>\n","protected":false},"excerpt":{"rendered":"<div class=\"slide-text-bg2\"><span>UL 508A zertifizierter Schaltanlagenbauer f\u00fcr die USA (File no. NITW.E322017, Enclosed Industrial Control Panels) Schaltanlagen f\u00fcr Seeschiffe sowie Binn<\/span><\/div>\n<div class=\"slide-btn-area-sm\"><a href=\"https:\/\/www.ses-schaltanlagen.de\/?page_id=76\" class=\"slide-btn-sm\">weiterlesen<\/a><\/div>\n","protected":false},"author":2,"featured_media":0,"parent":35,"menu_order":0,"comment_status":"closed","ping_status":"closed","template":"fullwidth.php","meta":[],"_links":{"self":[{"href":"https:\/\/www.ses-schaltanlagen.de\/index.php?rest_route=\/wp\/v2\/pages\/76"}],"collection":[{"href":"https:\/\/www.ses-schaltanlagen.de\/index.php?rest_route=\/wp\/v2\/pages"}],"about":[{"href":"https:\/\/www.ses-schaltanlagen.de\/index.php?rest_route=\/wp\/v2\/types\/page"}],"author":[{"embeddable":true,"href":"https:\/\/www.ses-schaltanlagen.de\/index.php?rest_route=\/wp\/v2\/users\/2"}],"replies":[{"embeddable":true,"href":"https:\/\/www.ses-schaltanlagen.de\/index.php?rest_route=%2Fwp%2Fv2%2Fcomments&post=76"}],"version-history":[{"count":5,"href":"https:\/\/www.ses-schaltanlagen.de\/index.php?rest_route=\/wp\/v2\/pages\/76\/revisions"}],"predecessor-version":[{"id":145,"href":"https:\/\/www.ses-schaltanlagen.de\/index.php?rest_route=\/wp\/v2\/pages\/76\/revisions\/145"}],"up":[{"embeddable":true,"href":"https:\/\/www.ses-schaltanlagen.de\/index.php?rest_route=\/wp\/v2\/pages\/35"}],"wp:attachment":[{"href":"https:\/\/www.ses-schaltanlagen.de\/index.php?rest_route=%2Fwp%2Fv2%2Fmedia&parent=76"}],"curies":[{"name":"wp","href":"https:\/\/api.w.org\/{rel}","templated":true}]}}