{"id":35,"date":"2018-08-31T06:57:00","date_gmt":"2018-08-31T06:57:00","guid":{"rendered":"http:\/\/ses-schaltanlagen.de\/?page_id=35"},"modified":"2020-10-16T09:58:05","modified_gmt":"2020-10-16T07:58:05","slug":"ueber-uns","status":"publish","type":"page","link":"https:\/\/www.ses-schaltanlagen.de\/?page_id=35","title":{"rendered":"\u00dcber uns"},"content":{"rendered":"<h1 style=\"text-align: left;\">Firmenportr\u00e4t<\/h1>\n<p>Das Unternehmen SES Schaltanlagen und Prozessleittechnik GmbH wurde im Dezember 1999 gegr\u00fcndet. Die Wurzeln des Unternehmens lagen bei der Firma GEKA-W\u00e4rmetechnik GmbH die seit 1956 im Anlagen-, Kessel und Apparatebau t\u00e4tig ist. Durch komplexer werdende Anforderungen in der elektrischen Steuerungstechnik, entschlossen sich f\u00fchrende Mitarbeiter die Entwicklung, Planung und Fertigung in einer neuen, f\u00fcr diesen Zweck massgeschneidertem Gesellschaft aufzubauen. Unsere jetzige \u00fcberschaubare Betriebsgr\u00f6sse erm\u00f6glicht uns eine unkomplizierte und schnelle Abwicklung der Kundenprojekte und garantiert h\u00f6chste Flexibilit\u00e4t w\u00e4hrend der Abwicklung.<\/p>\n<p>Schwerpunkte der T\u00e4tigkeit sind die Herstellung von Schaltanlagen f\u00fcr Industriekesselanalgen, Feststoffverbrennungsanlagen, allgemeine Regel- und Steuerungskreise im Anlagenbau, Umr\u00fcstung von \u00e4lteren Werkzeugmaschinen auf moderne Steuerungstechnik sowie die Produktion von Mittel- und Niederspannungsanlagen.<\/p>\n\n","protected":false},"excerpt":{"rendered":"<div class=\"slide-text-bg2\"><span>Firmenportr\u00e4t Das Unternehmen SES Schaltanlagen und Prozessleittechnik GmbH wurde im Dezember 1999 gegr\u00fcndet. Die Wurzeln des Unternehmens lagen bei der <\/span><\/div>\n<div class=\"slide-btn-area-sm\"><a href=\"https:\/\/www.ses-schaltanlagen.de\/?page_id=35\" class=\"slide-btn-sm\">weiterlesen<\/a><\/div>\n","protected":false},"author":2,"featured_media":56,"parent":0,"menu_order":0,"comment_status":"closed","ping_status":"closed","template":"fullwidth.php","meta":[],"_links":{"self":[{"href":"https:\/\/www.ses-schaltanlagen.de\/index.php?rest_route=\/wp\/v2\/pages\/35"}],"collection":[{"href":"https:\/\/www.ses-schaltanlagen.de\/index.php?rest_route=\/wp\/v2\/pages"}],"about":[{"href":"https:\/\/www.ses-schaltanlagen.de\/index.php?rest_route=\/wp\/v2\/types\/page"}],"author":[{"embeddable":true,"href":"https:\/\/www.ses-schaltanlagen.de\/index.php?rest_route=\/wp\/v2\/users\/2"}],"replies":[{"embeddable":true,"href":"https:\/\/www.ses-schaltanlagen.de\/index.php?rest_route=%2Fwp%2Fv2%2Fcomments&post=35"}],"version-history":[{"count":7,"href":"https:\/\/www.ses-schaltanlagen.de\/index.php?rest_route=\/wp\/v2\/pages\/35\/revisions"}],"predecessor-version":[{"id":144,"href":"https:\/\/www.ses-schaltanlagen.de\/index.php?rest_route=\/wp\/v2\/pages\/35\/revisions\/144"}],"wp:featuredmedia":[{"embeddable":true,"href":"https:\/\/www.ses-schaltanlagen.de\/index.php?rest_route=\/wp\/v2\/media\/56"}],"wp:attachment":[{"href":"https:\/\/www.ses-schaltanlagen.de\/index.php?rest_route=%2Fwp%2Fv2%2Fmedia&parent=35"}],"curies":[{"name":"wp","href":"https:\/\/api.w.org\/{rel}","templated":true}]}}