{"id":23,"date":"2018-08-31T06:54:44","date_gmt":"2018-08-31T06:54:44","guid":{"rendered":"http:\/\/ses-schaltanlagen.de\/?page_id=23"},"modified":"2020-10-16T09:57:21","modified_gmt":"2020-10-16T07:57:21","slug":"referenzen","status":"publish","type":"page","link":"https:\/\/www.ses-schaltanlagen.de\/?page_id=23","title":{"rendered":"Referenzen"},"content":{"rendered":"<div id=\"innercontent\">\n<p>Die von der Firma SES ausgef\u00fchrten Schaltanlagen erf\u00fcllen auch bei gr\u00f6sster Beanspruchung sicher und zuverl\u00e4ssig ihre Funktion bei einer Auswahl von Firmen wie:<\/p>\n<p>Deutschlandweit<\/p>\n<ul>\n<li>ABB Mannheim<\/li>\n<li>VDO, Mannheim<\/li>\n<li>S\u00e4gewerk Stadler, Heddesbach<\/li>\n<li>LUTZ Fleischwaren, Hammelburg<\/li>\n<li>Fachhochschule Karlsruhe<\/li>\n<li>K\u00f6nig Werkzeugfabrik, Karlsruhe<\/li>\n<li>Nordische \u00d6lwerke, Hamburg<\/li>\n<li>KRONOTEX, Heiligengrabe<\/li>\n<li>LIMUS Umwelttechnik, Berlin<\/li>\n<li>Ferrostahl, Essen<\/li>\n<\/ul>\n<div><\/div>\n<p>Weltweit:<\/p>\n<ul>\n<li>KRONOSPAN, Menznau (Schweiz)<\/li>\n<li>KRONOPOL, Zary (Polen)<\/li>\n<li>Iso Roy (Frankreich)<\/li>\n<li>LIPICO (Singapore)<\/li>\n<li>Oiltek (Malaysia)<\/li>\n<li>Bahlas (Saudi Arabien)<\/li>\n<li>JJE-Lurgi (Malaysia)<\/li>\n<li>Extraktion de Smet (Belgien)<\/li>\n<li>Alfa Laval (Schweden)<\/li>\n<li>Nag Hamady (\u00c4gypten)<\/li>\n<li>Fibranova (Venezuela)<\/li>\n<li>Stocznia Gdynia Schiffswerft, (Polen)<\/li>\n<li>Marinequip (China)<\/li>\n<\/ul>\n<\/div>\n","protected":false},"excerpt":{"rendered":"<div class=\"slide-text-bg2\"><span>Die von der Firma SES ausgef\u00fchrten Schaltanlagen erf\u00fcllen auch bei gr\u00f6sster Beanspruchung sicher und zuverl\u00e4ssig ihre Funktion bei einer Auswahl von Fi<\/span><\/div>\n<div class=\"slide-btn-area-sm\"><a href=\"https:\/\/www.ses-schaltanlagen.de\/?page_id=23\" class=\"slide-btn-sm\">weiterlesen<\/a><\/div>\n","protected":false},"author":2,"featured_media":0,"parent":0,"menu_order":0,"comment_status":"closed","ping_status":"closed","template":"fullwidth.php","meta":[],"_links":{"self":[{"href":"https:\/\/www.ses-schaltanlagen.de\/index.php?rest_route=\/wp\/v2\/pages\/23"}],"collection":[{"href":"https:\/\/www.ses-schaltanlagen.de\/index.php?rest_route=\/wp\/v2\/pages"}],"about":[{"href":"https:\/\/www.ses-schaltanlagen.de\/index.php?rest_route=\/wp\/v2\/types\/page"}],"author":[{"embeddable":true,"href":"https:\/\/www.ses-schaltanlagen.de\/index.php?rest_route=\/wp\/v2\/users\/2"}],"replies":[{"embeddable":true,"href":"https:\/\/www.ses-schaltanlagen.de\/index.php?rest_route=%2Fwp%2Fv2%2Fcomments&post=23"}],"version-history":[{"count":2,"href":"https:\/\/www.ses-schaltanlagen.de\/index.php?rest_route=\/wp\/v2\/pages\/23\/revisions"}],"predecessor-version":[{"id":141,"href":"https:\/\/www.ses-schaltanlagen.de\/index.php?rest_route=\/wp\/v2\/pages\/23\/revisions\/141"}],"wp:attachment":[{"href":"https:\/\/www.ses-schaltanlagen.de\/index.php?rest_route=%2Fwp%2Fv2%2Fmedia&parent=23"}],"curies":[{"name":"wp","href":"https:\/\/api.w.org\/{rel}","templated":true}]}}