{"id":19,"date":"2018-08-31T06:54:04","date_gmt":"2018-08-31T06:54:04","guid":{"rendered":"http:\/\/ses-schaltanlagen.de\/?page_id=19"},"modified":"2020-10-16T09:57:50","modified_gmt":"2020-10-16T07:57:50","slug":"service","status":"publish","type":"page","link":"https:\/\/www.ses-schaltanlagen.de\/?page_id=19","title":{"rendered":"Service"},"content":{"rendered":"<p>Ein weiteres Markenzeichen ist unser Service bei der Verf\u00fcgungsbereitschaft von Schaltschrankersatzteilen oder der schnellen Lieferung von Ersatzschaltschr\u00e4nken bei Notf\u00e4llen (Brand oder Wassereinbruch) je nach Gr\u00f6sse und Umfang der Schaltanlage innerhalb von 3 Tagen.<\/p>\n<div><\/div>\n<p>Wir verf\u00fcgen \u00fcber ein grosses Ersatzteillager von:<\/p>\n<ul>\n<li type=\"disc\">Leergeh\u00e4usen RITTAL und LOHMEIER<\/li>\n<li type=\"disc\">Der verwendeten Bauelemente in den Schaltanlagen (Moeller Hilfs- und Leistungssch\u00fctze, Sicherungen, Leitungsschutzschalter, Motorschutzrelais und Motorschutzschalter, Lampen, Taster, Steuer- und Hauptschalter)<\/li>\n<li type=\"disc\">Prozessregler von JUMO und PMA<\/li>\n<li type=\"disc\">Netzteile 24VDC, Trafos 400V\/230V\/24VAC, 380V\/220VAC, 415V\/240VAC<\/li>\n<li type=\"disc\">Sicherheitsbauteile wie JUMO Sicherheitstemperaturw\u00e4chter oder Begrenzer<\/li>\n<li type=\"disc\">NOT-AUS Relais<\/li>\n<li>GESTRA Schaltverst\u00e4rker<\/li>\n<\/ul>\n","protected":false},"excerpt":{"rendered":"<div class=\"slide-text-bg2\"><span>Ein weiteres Markenzeichen ist unser Service bei der Verf\u00fcgungsbereitschaft von Schaltschrankersatzteilen oder der schnellen Lieferung von Ersatzschaltsch<\/span><\/div>\n<div class=\"slide-btn-area-sm\"><a href=\"https:\/\/www.ses-schaltanlagen.de\/?page_id=19\" class=\"slide-btn-sm\">weiterlesen<\/a><\/div>\n","protected":false},"author":2,"featured_media":0,"parent":0,"menu_order":0,"comment_status":"closed","ping_status":"closed","template":"fullwidth.php","meta":[],"_links":{"self":[{"href":"https:\/\/www.ses-schaltanlagen.de\/index.php?rest_route=\/wp\/v2\/pages\/19"}],"collection":[{"href":"https:\/\/www.ses-schaltanlagen.de\/index.php?rest_route=\/wp\/v2\/pages"}],"about":[{"href":"https:\/\/www.ses-schaltanlagen.de\/index.php?rest_route=\/wp\/v2\/types\/page"}],"author":[{"embeddable":true,"href":"https:\/\/www.ses-schaltanlagen.de\/index.php?rest_route=\/wp\/v2\/users\/2"}],"replies":[{"embeddable":true,"href":"https:\/\/www.ses-schaltanlagen.de\/index.php?rest_route=%2Fwp%2Fv2%2Fcomments&post=19"}],"version-history":[{"count":2,"href":"https:\/\/www.ses-schaltanlagen.de\/index.php?rest_route=\/wp\/v2\/pages\/19\/revisions"}],"predecessor-version":[{"id":143,"href":"https:\/\/www.ses-schaltanlagen.de\/index.php?rest_route=\/wp\/v2\/pages\/19\/revisions\/143"}],"wp:attachment":[{"href":"https:\/\/www.ses-schaltanlagen.de\/index.php?rest_route=%2Fwp%2Fv2%2Fmedia&parent=19"}],"curies":[{"name":"wp","href":"https:\/\/api.w.org\/{rel}","templated":true}]}}