{"id":17,"date":"2018-08-31T06:53:49","date_gmt":"2018-08-31T06:53:49","guid":{"rendered":"http:\/\/ses-schaltanlagen.de\/?page_id=17"},"modified":"2020-10-16T09:59:56","modified_gmt":"2020-10-16T07:59:56","slug":"qualitaetssicherung","status":"publish","type":"page","link":"https:\/\/www.ses-schaltanlagen.de\/?page_id=17","title":{"rendered":"Qualit\u00e4t"},"content":{"rendered":"<p><a href=\"_wp_link_placeholder\" data-wplink-edit=\"true\"><img loading=\"lazy\" class=\"aligncenter size-full wp-image-80\" src=\"https:\/\/www.ses-schaltanlagen.de\/wp-content\/uploads\/2018\/10\/DeDeContentFileHandler4.jpeg\" alt=\"\" width=\"81\" height=\"100\" \/><\/a>Qualit\u00e4t ist eines unserer Markenzeichen. Jede Schaltanlage durchl\u00e4uft vor der Auslieferung zum Kunden unser Pr\u00fcffeld und muss sich einer aufwendigen Pr\u00fcfung unterziehen.<br \/>\nWir sichern durch unser hohes Qualit\u00e4tsmanagment auf die Dauer ein hohes Niveau unserer Schaltanlagen. Dies auf Dauer zu gew\u00e4hrleisten ist unser besonderes Anliegen, da unsere Schaltanlagen in alle Welt (ca. 80% Export) geliefert werden.<\/p>\n<p>Schaltschr\u00e4nke f\u00fcr Seeschiffsanlagen werden in unserer Werkstatt direkt von den Klassifizierungsgesellschaften wie Germanischer Lloyd (GL), Bureau Veritas (BV) oder<br \/>\nLloyd\u00b4s Register of Shipping (LRS) abgenommen.<\/p>\n","protected":false},"excerpt":{"rendered":"<div class=\"slide-text-bg2\"><span>Qualit\u00e4t ist eines unserer Markenzeichen. Jede Schaltanlage durchl\u00e4uft vor der Auslieferung zum Kunden unser Pr\u00fcffeld und muss sich einer aufwendigen Pr<\/span><\/div>\n<div class=\"slide-btn-area-sm\"><a href=\"https:\/\/www.ses-schaltanlagen.de\/?page_id=17\" class=\"slide-btn-sm\">weiterlesen<\/a><\/div>\n","protected":false},"author":2,"featured_media":0,"parent":0,"menu_order":0,"comment_status":"closed","ping_status":"closed","template":"fullwidth.php","meta":[],"_links":{"self":[{"href":"https:\/\/www.ses-schaltanlagen.de\/index.php?rest_route=\/wp\/v2\/pages\/17"}],"collection":[{"href":"https:\/\/www.ses-schaltanlagen.de\/index.php?rest_route=\/wp\/v2\/pages"}],"about":[{"href":"https:\/\/www.ses-schaltanlagen.de\/index.php?rest_route=\/wp\/v2\/types\/page"}],"author":[{"embeddable":true,"href":"https:\/\/www.ses-schaltanlagen.de\/index.php?rest_route=\/wp\/v2\/users\/2"}],"replies":[{"embeddable":true,"href":"https:\/\/www.ses-schaltanlagen.de\/index.php?rest_route=%2Fwp%2Fv2%2Fcomments&post=17"}],"version-history":[{"count":5,"href":"https:\/\/www.ses-schaltanlagen.de\/index.php?rest_route=\/wp\/v2\/pages\/17\/revisions"}],"predecessor-version":[{"id":146,"href":"https:\/\/www.ses-schaltanlagen.de\/index.php?rest_route=\/wp\/v2\/pages\/17\/revisions\/146"}],"wp:attachment":[{"href":"https:\/\/www.ses-schaltanlagen.de\/index.php?rest_route=%2Fwp%2Fv2%2Fmedia&parent=17"}],"curies":[{"name":"wp","href":"https:\/\/api.w.org\/{rel}","templated":true}]}}