{"id":15,"date":"2018-08-31T06:53:16","date_gmt":"2018-08-31T06:53:16","guid":{"rendered":"http:\/\/ses-schaltanlagen.de\/?page_id=15"},"modified":"2018-10-25T12:58:56","modified_gmt":"2018-10-25T12:58:56","slug":"fertigung","status":"publish","type":"page","link":"https:\/\/www.ses-schaltanlagen.de\/?page_id=15","title":{"rendered":"Fertigung"},"content":{"rendered":"<h1>Standschaltschrank (1000x1800x400 mit Sockel 100) mit elektrischer Verkabelung f\u00fcr Thermal\u00f6lkessel THZ-S 20V nach British Standard BS 7671 und BS 5308<\/h1>\n<p>Standschaltschrank (1000x1800x400 mit Sockel 100) mit elektrischer Verkabelung f\u00fcr Thermal\u00f6lkessel THZ-S 20V nach British Standard BS 7671 und BS 5308.<\/p>\n<p>Schaltschrankausf\u00fchrung f\u00fcr Aufstellung in Nicht EX-Zone mit Ausf\u00fchrung der elektrischen Installation und Klemmk\u00e4sten nach ATEX Rules. (Aufstellungsland Gro\u00dfbritannien).<img loading=\"lazy\" class=\"alignright size-medium wp-image-69\" src=\"https:\/\/ses-schaltanlagen.de\/wp-content\/uploads\/2018\/10\/20-977520-9776-Abnahme-SES-31.03.2017-123-300x225.jpg\" alt=\"\" width=\"300\" height=\"225\" srcset=\"https:\/\/www.ses-schaltanlagen.de\/wp-content\/uploads\/2018\/10\/20-977520-9776-Abnahme-SES-31.03.2017-123-300x225.jpg 300w, https:\/\/www.ses-schaltanlagen.de\/wp-content\/uploads\/2018\/10\/20-977520-9776-Abnahme-SES-31.03.2017-123-768x576.jpg 768w, https:\/\/www.ses-schaltanlagen.de\/wp-content\/uploads\/2018\/10\/20-977520-9776-Abnahme-SES-31.03.2017-123-1024x768.jpg 1024w\" sizes=\"(max-width: 300px) 100vw, 300px\" \/><\/p>\n","protected":false},"excerpt":{"rendered":"<div class=\"slide-text-bg2\"><span>Standschaltschrank (1000x1800x400 mit Sockel 100) mit elektrischer Verkabelung f\u00fcr Thermal\u00f6lkessel THZ-S 20V nach British Standard BS 7671 und BS 5308 St<\/span><\/div>\n<div class=\"slide-btn-area-sm\"><a href=\"https:\/\/www.ses-schaltanlagen.de\/?page_id=15\" class=\"slide-btn-sm\">weiterlesen<\/a><\/div>\n","protected":false},"author":2,"featured_media":0,"parent":0,"menu_order":0,"comment_status":"closed","ping_status":"closed","template":"fullwidth.php","meta":[],"_links":{"self":[{"href":"https:\/\/www.ses-schaltanlagen.de\/index.php?rest_route=\/wp\/v2\/pages\/15"}],"collection":[{"href":"https:\/\/www.ses-schaltanlagen.de\/index.php?rest_route=\/wp\/v2\/pages"}],"about":[{"href":"https:\/\/www.ses-schaltanlagen.de\/index.php?rest_route=\/wp\/v2\/types\/page"}],"author":[{"embeddable":true,"href":"https:\/\/www.ses-schaltanlagen.de\/index.php?rest_route=\/wp\/v2\/users\/2"}],"replies":[{"embeddable":true,"href":"https:\/\/www.ses-schaltanlagen.de\/index.php?rest_route=%2Fwp%2Fv2%2Fcomments&post=15"}],"version-history":[{"count":2,"href":"https:\/\/www.ses-schaltanlagen.de\/index.php?rest_route=\/wp\/v2\/pages\/15\/revisions"}],"predecessor-version":[{"id":71,"href":"https:\/\/www.ses-schaltanlagen.de\/index.php?rest_route=\/wp\/v2\/pages\/15\/revisions\/71"}],"wp:attachment":[{"href":"https:\/\/www.ses-schaltanlagen.de\/index.php?rest_route=%2Fwp%2Fv2%2Fmedia&parent=15"}],"curies":[{"name":"wp","href":"https:\/\/api.w.org\/{rel}","templated":true}]}}